{"id":586,"date":"2024-11-06T22:14:08","date_gmt":"2024-11-06T22:14:08","guid":{"rendered":"https:\/\/enghaussgroup.com\/design-de-iluminacao-copy\/"},"modified":"2024-11-07T00:54:35","modified_gmt":"2024-11-07T00:54:35","slug":"about-2-2-2-2","status":"publish","type":"page","link":"https:\/\/enghaussgroup.com\/en\/3d\/","title":{"rendered":"3D design"},"content":{"rendered":"<!--themify_builder_content-->\n<div id=\"themify_builder_content-586\" data-postid=\"586\" class=\"themify_builder_content themify_builder_content-586 themify_builder tf_clear\">\n                    <div  data-lazy=\"1\" class=\"module_row themify_builder_row tb_o5lv000 tb_first tf_w\">\n                        <div class=\"row_inner col_align_top tb_col_count_1 tf_box tf_rel\">\n                        <div  data-lazy=\"1\" class=\"module_column tb-column col-full tb_u2v6030 first\">\n                    <!-- module text -->\n<div  class=\"module module-text tb_pu77950\" data-lazy=\"1\">\n        <div  class=\"tb_text_wrap\">\n        <h2><strong>Precision and efficiency in every stroke: AutoCAD and Revit projects from EngHauss Design-Build<\/strong><\/h2>\n<p>At EngHauss Design-Build, we combine the expertise of our team with the power of the most advanced design and modeling tools to bring your projects to life. We master AutoCAD and Revit, the leading software on the market, to create <strong>residential and commercial projects<\/strong> with precision, efficiency and a high level of detail.<\/p>    <\/div>\n<\/div>\n<!-- \/module text -->        <\/div>\n                        <\/div>\n        <\/div>\n                        <div  data-lazy=\"1\" class=\"module_row themify_builder_row tb_dpw2000 tf_w\">\n                        <div class=\"row_inner col_align_top tb_col_count_1 tf_box tf_rel\">\n                        <div  data-lazy=\"1\" class=\"module_column tb-column col-full tb_ocpm999 first\">\n                    <!-- module image -->\n<div  class=\"module module-image tb_453u669 image-top   auto_fullwidth tf_mw\" data-lazy=\"1\" data-lax-translate-y=\"(vh*1) 0,(vh*0) -70\" data-lax=\"true\">\n        <div class=\"image-wrap tf_rel tf_mw\">\n            <img loading=\"lazy\" decoding=\"async\" src=\"https:\/\/enghaussgroup.com\/wp-content\/uploads\/2024\/11\/Design-sem-nome-4-1024x439-1160x497.png\" width=\"1160\" height=\"497\" class=\"wp-post-image wp-image-592\" title=\"Design without a name (4)\" alt=\"Design sem nome (4)\" srcset=\"https:\/\/enghaussgroup.com\/wp-content\/uploads\/2024\/11\/Design-sem-nome-4-1024x439-1160x497.png 1160w, https:\/\/enghaussgroup.com\/wp-content\/uploads\/2024\/11\/Design-sem-nome-4-300x129.png 300w, https:\/\/enghaussgroup.com\/wp-content\/uploads\/2024\/11\/Design-sem-nome-4-1024x439.png 1024w, https:\/\/enghaussgroup.com\/wp-content\/uploads\/2024\/11\/Design-sem-nome-4-768x329.png 768w, https:\/\/enghaussgroup.com\/wp-content\/uploads\/2024\/11\/Design-sem-nome-4.png 1400w\" sizes=\"auto, (max-width: 1160px) 100vw, 1160px\" \/>    \n        <\/div>\n    <!-- \/image-wrap -->\n    \n        <\/div>\n<!-- \/module image -->        <\/div>\n                        <\/div>\n        <\/div>\n                        <div  data-lazy=\"1\" class=\"module_row themify_builder_row tb_mkj3306 tf_w\">\n                        <div class=\"row_inner col_align_top tb_col_count_1 tf_box tf_rel\">\n                        <div  data-lazy=\"1\" class=\"module_column tb-column col-full tb_ctgl007 first\">\n                    <!-- module text -->\n<div  class=\"module module-text tb_hjpk709\" data-lazy=\"1\">\n        <div  class=\"tb_text_wrap\">\n        <h3><strong>From 2D to 3D, we build your dream with technology:<\/strong><\/h3>\n<ul>\n<li><strong>AutoCAD:<\/strong> For 2D projects with a wealth of detail, AutoCAD is our precision tool. We develop floor plans, sections, elevations and construction details with clarity and technical rigor, guaranteeing the accuracy of the information for the execution of the work.<\/li>\n<li><strong>Revit:<\/strong> We use Revit to create complete and intelligent 3D models, which allow us to visualize the project from all angles and simulate different scenarios. This BIM (Building Information Modeling) technology ensures greater precision, facilitates coordination between disciplines and optimizes the construction process.<\/li>\n<li><strong>Immersive visualization:<\/strong> With Revit, you can \"walk around\" your future space, visualize each room in detail and get a real sense of the dimensions, finishes and layout of the elements.<\/li>\n<li><strong>Interference detection:<\/strong> 3D modeling in Revit makes it possible to identify potential conflicts between the different systems in the project (structural, hydraulic, electrical, etc.) even at the design stage, avoiding rework and additional costs during construction.<\/li>\n<li><strong>Full documentation:<\/strong> We generate plans, sections, elevations, perspectives, material quantities and other technical documents with precision and agility, guaranteeing clear and organized information for the execution of the project.<\/li>\n<\/ul>    <\/div>\n<\/div>\n<!-- \/module text --><!-- module image -->\n<div  class=\"module module-image tb_98jd999 image-top   tf_mw\" data-lazy=\"1\">\n        <div class=\"image-wrap tf_rel tf_mw\">\n            <img loading=\"lazy\" decoding=\"async\" width=\"2560\" height=\"1083\" src=\"https:\/\/enghaussgroup.com\/wp-content\/uploads\/2024\/11\/583-Fletcher-Street-0001_Proposed-scaled-e1730940738239.jpg\" class=\"wp-post-image wp-image-313\" title=\"583 Fletcher Street - 0001_Proposed\" alt=\"583 Fletcher Street - 0001_Proposed\" srcset=\"https:\/\/enghaussgroup.com\/wp-content\/uploads\/2024\/11\/583-Fletcher-Street-0001_Proposed-scaled-e1730940738239.jpg 2560w, https:\/\/enghaussgroup.com\/wp-content\/uploads\/2024\/11\/583-Fletcher-Street-0001_Proposed-scaled-e1730940738239-300x127.jpg 300w, https:\/\/enghaussgroup.com\/wp-content\/uploads\/2024\/11\/583-Fletcher-Street-0001_Proposed-scaled-e1730940738239-1024x433.jpg 1024w, https:\/\/enghaussgroup.com\/wp-content\/uploads\/2024\/11\/583-Fletcher-Street-0001_Proposed-scaled-e1730940738239-768x325.jpg 768w, https:\/\/enghaussgroup.com\/wp-content\/uploads\/2024\/11\/583-Fletcher-Street-0001_Proposed-scaled-e1730940738239-1536x650.jpg 1536w, https:\/\/enghaussgroup.com\/wp-content\/uploads\/2024\/11\/583-Fletcher-Street-0001_Proposed-scaled-e1730940738239-2048x866.jpg 2048w\" sizes=\"auto, (max-width: 2560px) 100vw, 2560px\" \/>    \n        <\/div>\n    <!-- \/image-wrap -->\n    \n        <\/div>\n<!-- \/module image -->        <\/div>\n                        <\/div>\n        <\/div>\n                        <div  data-lazy=\"1\" class=\"module_row themify_builder_row tb_zcgc900 tf_w\">\n                        <div class=\"row_inner col_align_top tb_col_count_1 tf_box tf_rel\">\n                        <div  data-lazy=\"1\" class=\"module_column tb-column col-full tb_6o56893 first\">\n                    <!-- module text -->\n<div  class=\"module module-text tb_qpuo090\" data-lazy=\"1\">\n        <div  class=\"tb_text_wrap\">\n        <h3><strong>Benefits of AutoCAD and Revit projects:<\/strong><\/h3>\n<ul>\n<li><strong>Greater precision and detail:<\/strong> reduction of errors and rework.<\/li>\n<li><strong>Immersive 3D visualization:<\/strong> better understanding of the project.<\/li>\n<li><strong>Efficient coordination between subjects:<\/strong> optimization of the construction process.<\/li>\n<li><strong>Complete and organized documentation:<\/strong> ease of execution.<\/li>\n<li><strong>Greater control over the project:<\/strong> more assertive decision-making.<\/li>\n<\/ul>    <\/div>\n<\/div>\n<!-- \/module text --><!-- module text -->\n<div  class=\"module module-text tb_oral099\" data-lazy=\"1\">\n        <div  class=\"tb_text_wrap\">\n        <h3 style=\"text-align: left;\"><strong>Build with confidence and technology.<\/strong><\/h3>\n<p style=\"text-align: left;\">Contact EngHauss Design-Build and find out how AutoCAD and Revit can turn your project into reality.<\/p>    <\/div>\n<\/div>\n<!-- \/module text -->        <\/div>\n                        <\/div>\n        <\/div>\n                        <div  data-lazy=\"1\" class=\"module_row themify_builder_row tb_keu9440 tf_w\">\n                        <div class=\"row_inner col_align_top tb_col_count_1 tf_box tf_rel\">\n                        <div  data-lazy=\"1\" class=\"module_column tb-column col-full tb_f155042 first\">\n                    <!-- module buttons -->\n<div  class=\"module module-buttons tb_5b8o094 buttons-horizontal solid  large\" data-lazy=\"1\">\n        <div class=\"module-buttons-item tf_in_flx\">\n                        <a href=\"https:\/\/enghaussgroup.com\/en\/contact\/\" class=\"ui builder_button tf_in_flx black\" >\n                                                Contact us                                        <\/a>\n                <\/div>\n            <\/div>\n<!-- \/module buttons -->\n        <\/div>\n                        <\/div>\n        <\/div>\n        <\/div>\n<!--\/themify_builder_content-->","protected":false},"excerpt":{"rendered":"<p>Precis\u00e3o e Efici\u00eancia em cada Tra\u00e7o: Projetos em AutoCAD e Revit da EngHauss Design-Build Na EngHauss Design-Build, aliamos a expertise da nossa equipe ao poder das ferramentas mais avan\u00e7adas de desenho e modelagem para dar vida aos seus projetos. Dominamos o AutoCAD e o Revit, softwares l\u00edderes de mercado, para criar projetos residenciais e comerciais [&hellip;]<\/p>\n","protected":false},"author":2,"featured_media":0,"parent":0,"menu_order":0,"comment_status":"closed","ping_status":"closed","template":"","meta":{"iawp_total_views":2,"footnotes":""},"class_list":["post-586","page","type-page","status-publish","hentry","has-post-title","has-post-date","has-post-category","has-post-tag","has-post-comment","has-post-author",""],"builder_content":"<h2><strong>Precis\u00e3o e Efici\u00eancia em cada Tra\u00e7o: Projetos em AutoCAD e Revit da EngHauss Design-Build<\/strong><\/h2> <p>Na EngHauss Design-Build, aliamos a expertise da nossa equipe ao poder das ferramentas mais avan\u00e7adas de desenho e modelagem para dar vida aos seus projetos. Dominamos o AutoCAD e o Revit, softwares l\u00edderes de mercado, para criar <strong>projetos residenciais e comerciais<\/strong> com precis\u00e3o, efici\u00eancia e alto n\u00edvel de detalhamento.<\/p>\n<img src=\"https:\/\/enghaussgroup.com\/wp-content\/uploads\/2024\/11\/Design-sem-nome-4-1024x439-1160x497.png\" width=\"1160\" height=\"497\" title=\"Design sem nome (4)\" alt=\"Design sem nome (4)\" srcset=\"https:\/\/enghaussgroup.com\/wp-content\/uploads\/2024\/11\/Design-sem-nome-4-1024x439-1160x497.png 1160w, https:\/\/enghaussgroup.com\/wp-content\/uploads\/2024\/11\/Design-sem-nome-4-300x129.png 300w, https:\/\/enghaussgroup.com\/wp-content\/uploads\/2024\/11\/Design-sem-nome-4-1024x439.png 1024w, https:\/\/enghaussgroup.com\/wp-content\/uploads\/2024\/11\/Design-sem-nome-4-768x329.png 768w, https:\/\/enghaussgroup.com\/wp-content\/uploads\/2024\/11\/Design-sem-nome-4.png 1400w\" sizes=\"(max-width: 1160px) 100vw, 1160px\" \/>\n<h3><strong>Do 2D ao 3D, constru\u00edmos o seu sonho com tecnologia:<\/strong><\/h3> <ul> <li><strong>AutoCAD:<\/strong> Para projetos em 2D com riqueza de detalhes, o AutoCAD \u00e9 a nossa ferramenta de precis\u00e3o. Desenvolvemos plantas baixas, cortes, eleva\u00e7\u00f5es e detalhes construtivos com clareza e rigor t\u00e9cnico, garantindo a exatid\u00e3o das informa\u00e7\u00f5es para a execu\u00e7\u00e3o da obra.<\/li> <li><strong>Revit:<\/strong> Utilizamos o Revit para criar modelos 3D completos e inteligentes, que permitem visualizar o projeto em todos os seus \u00e2ngulos e simular diferentes cen\u00e1rios. Essa tecnologia BIM (Building Information Modeling) garante maior precis\u00e3o, facilita a coordena\u00e7\u00e3o entre as disciplinas e otimiza o processo construtivo.<\/li> <li><strong>Visualiza\u00e7\u00e3o Imersiva:<\/strong> Com o Revit, voc\u00ea pode \"caminhar\" pelo seu futuro espa\u00e7o, visualizar cada ambiente em detalhes e ter uma real no\u00e7\u00e3o das dimens\u00f5es, acabamentos e da disposi\u00e7\u00e3o dos elementos.<\/li> <li><strong>Detec\u00e7\u00e3o de Interfer\u00eancias:<\/strong> A modelagem 3D no Revit permite identificar potenciais conflitos entre os diferentes sistemas do projeto (estrutural, hidr\u00e1ulico, el\u00e9trico, etc.) ainda na fase de projeto, evitando retrabalhos e custos adicionais durante a obra.<\/li> <li><strong>Documenta\u00e7\u00e3o Completa:<\/strong> Geramos plantas, cortes, eleva\u00e7\u00f5es, perspectivas, quantitativos de materiais e outros documentos t\u00e9cnicos com precis\u00e3o e agilidade, garantindo a clareza e a organiza\u00e7\u00e3o das informa\u00e7\u00f5es para a execu\u00e7\u00e3o do projeto.<\/li> <\/ul>\n<img src=\"https:\/\/enghaussgroup.com\/wp-content\/uploads\/2024\/11\/583-Fletcher-Street-0001_Proposed-scaled-e1730940738239.jpg\" title=\"583 Fletcher Street - 0001_Proposed\" alt=\"583 Fletcher Street - 0001_Proposed\" srcset=\"https:\/\/enghaussgroup.com\/wp-content\/uploads\/2024\/11\/583-Fletcher-Street-0001_Proposed-scaled-e1730940738239.jpg 2560w, https:\/\/enghaussgroup.com\/wp-content\/uploads\/2024\/11\/583-Fletcher-Street-0001_Proposed-scaled-e1730940738239-300x127.jpg 300w, https:\/\/enghaussgroup.com\/wp-content\/uploads\/2024\/11\/583-Fletcher-Street-0001_Proposed-scaled-e1730940738239-1024x433.jpg 1024w, https:\/\/enghaussgroup.com\/wp-content\/uploads\/2024\/11\/583-Fletcher-Street-0001_Proposed-scaled-e1730940738239-768x325.jpg 768w, https:\/\/enghaussgroup.com\/wp-content\/uploads\/2024\/11\/583-Fletcher-Street-0001_Proposed-scaled-e1730940738239-1536x650.jpg 1536w, https:\/\/enghaussgroup.com\/wp-content\/uploads\/2024\/11\/583-Fletcher-Street-0001_Proposed-scaled-e1730940738239-2048x866.jpg 2048w\" sizes=\"(max-width: 2560px) 100vw, 2560px\" \/>\n<h3><strong>Benef\u00edcios dos projetos em AutoCAD e Revit:<\/strong><\/h3> <ul> <li><strong>Maior precis\u00e3o e detalhamento:<\/strong> redu\u00e7\u00e3o de erros e retrabalhos.<\/li> <li><strong>Visualiza\u00e7\u00e3o 3D imersiva:<\/strong> melhor compreens\u00e3o do projeto.<\/li> <li><strong>Coordena\u00e7\u00e3o eficiente entre as disciplinas:<\/strong> otimiza\u00e7\u00e3o do processo construtivo.<\/li> <li><strong>Documenta\u00e7\u00e3o completa e organizada:<\/strong> facilidade na execu\u00e7\u00e3o da obra.<\/li> <li><strong>Maior controle sobre o projeto:<\/strong> tomadas de decis\u00f5es mais assertivas.<\/li> <\/ul>\n<h3 style=\"text-align: left;\"><strong>Construa com confian\u00e7a e tecnologia.<\/strong><\/h3> <p style=\"text-align: left;\">Entre em contato com a EngHauss Design-Build e descubra como o AutoCAD e o Revit podem transformar seu projeto em realidade.<\/p>\n<img src=\"data:image\/svg+xml,%3Csvg%20xmlns=%27http:\/\/www.w3.org\/2000\/svg%27%20width='360'%20height='500'%20viewBox=%270%200%20360%20500%27%3E%3C\/svg%3E\" loading=\"lazy\" data-lazy=\"1\" data-tf-not-load=\"1\" style=\"background:linear-gradient(to right,#a69e9b 25%,#a19c98 25% 50%,#a1705f 50% 75%,#7e7975 75%),linear-gradient(to right,#ada8a4 25%,#9c9793 25% 50%,#d98884 50% 75%,#7d7874 75%),linear-gradient(to right,#131a2a 25%,#192033 25% 50%,#6b91be 50% 75%,#181f32 75%),linear-gradient(to right,#111822 25%,#0d111d 25% 50%,#151829 50% 75%,#010207 75%)\" decoding=\"async\" data-tf-src=\"https:\/\/enghaussgroup.com\/wp-content\/uploads\/2024\/11\/connor-360x500.jpg\" width=\"360\" height=\"500\" title=\"connor\" alt=\"connor\"><noscript><img data-tf-not-load data-no-script src=\"https:\/\/enghaussgroup.com\/wp-content\/uploads\/2024\/11\/connor-360x500.jpg\" width=\"360\" height=\"500\" title=\"connor\" alt=\"connor\"><\/noscript> Working with interior Design Co., was a dream come true. We worked closely with the whole team to plan, design and execute our hotel project. They ensured that we all work collaboratively to make our vision come true. They stayed with our project from conceptualization to completion and way beyond. Thank you to the whole team of Interior Design Co. Our hotel is currently being rated as one of the most desired place to stay for 2021. <img src=\"data:image\/svg+xml,%3Csvg%20xmlns=%27http:\/\/www.w3.org\/2000\/svg%27%20width='360'%20height='500'%20viewBox=%270%200%20360%20500%27%3E%3C\/svg%3E\" loading=\"lazy\" data-lazy=\"1\" data-tf-not-load=\"1\" style=\"background:linear-gradient(to right,#000000 25%,#000100 25% 50%,#281a1a 50% 75%,#0a0809 75%),linear-gradient(to right,#657477 25%,#dd895b 25% 50%,#140b0c 50% 75%,#463f37 75%),linear-gradient(to right,#8aa1a7 25%,#241b1c 25% 50%,#1a0a0a 50% 75%,#28262b 75%),linear-gradient(to right,#09080e 25%,#1c1a1f 25% 50%,#000000 50% 75%,#24242c 75%)\" decoding=\"async\" data-tf-src=\"https:\/\/enghaussgroup.com\/wp-content\/uploads\/2024\/11\/vanessa-360x500.jpg\" width=\"360\" height=\"500\" title=\"vanessa\" alt=\"vanessa\"><noscript><img data-tf-not-load data-no-script src=\"https:\/\/enghaussgroup.com\/wp-content\/uploads\/2024\/11\/vanessa-360x500.jpg\" width=\"360\" height=\"500\" title=\"vanessa\" alt=\"vanessa\"><\/noscript> I could not stop staring at our newly renovated home! I contacted Interior Design Co. to design our dream home after so many disappointments with other companies, and I sure did not regret my decision. They were with me through the nitty-gritty side of things delivering the highest quality of work while ensuring that they adhere to the budget and the timeline. <img src=\"data:image\/svg+xml,%3Csvg%20xmlns=%27http:\/\/www.w3.org\/2000\/svg%27%20width='360'%20height='500'%20viewBox=%270%200%20360%20500%27%3E%3C\/svg%3E\" loading=\"lazy\" data-lazy=\"1\" data-tf-not-load=\"1\" style=\"background:linear-gradient(to right,#72949e 25%,#20130b 25% 50%,#5d3f35 50% 75%,#6b857c 75%),linear-gradient(to right,#83a3a0 25%,#9d9684 25% 50%,#b57f67 50% 75%,#65867f 75%),linear-gradient(to right,#aeafaa 25%,#271606 25% 50%,#706a6e 50% 75%,#a49aa2 75%),linear-gradient(to right,#5f5450 25%,#0d0b0c 25% 50%,#908c8d 50% 75%,#8b8786 75%)\" decoding=\"async\" data-tf-src=\"https:\/\/enghaussgroup.com\/wp-content\/uploads\/2024\/11\/rhonda-360x500.jpg\" width=\"360\" height=\"500\" title=\"rhonda\" alt=\"rhonda\"><noscript><img data-tf-not-load data-no-script src=\"https:\/\/enghaussgroup.com\/wp-content\/uploads\/2024\/11\/rhonda-360x500.jpg\" width=\"360\" height=\"500\" title=\"rhonda\" alt=\"rhonda\"><\/noscript> They definitely live up to their reputation as one of the best in the industry. They have worked with many of my projects and have gone above and beyond with their service and their quality of work. They always take the time to understand their client's vision, business objectives and market opportunities, and they combine these with their expertise in the industry and the broader market to ensure that their design is current and fresh.\n<a href=\"https:\/\/enghaussgroup.com\/contact\" > Entre em Contato <\/a>","_links":{"self":[{"href":"https:\/\/enghaussgroup.com\/en\/wp-json\/wp\/v2\/pages\/586","targetHints":{"allow":["GET"]}}],"collection":[{"href":"https:\/\/enghaussgroup.com\/en\/wp-json\/wp\/v2\/pages"}],"about":[{"href":"https:\/\/enghaussgroup.com\/en\/wp-json\/wp\/v2\/types\/page"}],"author":[{"embeddable":true,"href":"https:\/\/enghaussgroup.com\/en\/wp-json\/wp\/v2\/users\/2"}],"replies":[{"embeddable":true,"href":"https:\/\/enghaussgroup.com\/en\/wp-json\/wp\/v2\/comments?post=586"}],"version-history":[{"count":17,"href":"https:\/\/enghaussgroup.com\/en\/wp-json\/wp\/v2\/pages\/586\/revisions"}],"predecessor-version":[{"id":653,"href":"https:\/\/enghaussgroup.com\/en\/wp-json\/wp\/v2\/pages\/586\/revisions\/653"}],"wp:attachment":[{"href":"https:\/\/enghaussgroup.com\/en\/wp-json\/wp\/v2\/media?parent=586"}],"curies":[{"name":"wp","href":"https:\/\/api.w.org\/{rel}","templated":true}]}}