{"id":222,"date":"2021-02-05T03:37:37","date_gmt":"2021-02-05T03:37:37","guid":{"rendered":"https:\/\/enghaussgroup.com\/home\/"},"modified":"2024-11-08T12:50:29","modified_gmt":"2024-11-08T12:50:29","slug":"home","status":"publish","type":"page","link":"https:\/\/enghaussgroup.com\/en\/","title":{"rendered":"Home"},"content":{"rendered":"<!--themify_builder_content-->\n<div id=\"themify_builder_content-222\" data-postid=\"222\" class=\"themify_builder_content themify_builder_content-222 themify_builder tf_clear\">\n                    <div  data-lazy=\"1\" class=\"module_row themify_builder_row tb_4bxb997 tb_first tf_w\">\n                        <div class=\"row_inner col_align_top tb_col_count_2 tf_box tf_rel\">\n                        <div  data-lazy=\"1\" class=\"module_column tb-column col3-2 tb_wkk9999 first\">\n                    <!-- module text -->\n<div  class=\"module module-text tb_u23n964\" data-lazy=\"1\">\n        <div  class=\"tb_text_wrap\">\n        <h1>Comprehensive Projects, Perfect Deliveries.<\/h1>\n<p>At EngHauss Group, we turn ideas into reality. From concept to delivery, we offer complete and integrated solutions so that you receive your project immediately for use, without complications.<\/p>    <\/div>\n<\/div>\n<!-- \/module text --><!-- module buttons -->\n<div  class=\"module module-buttons tb_k5uv476 buttons-horizontal solid\" data-lazy=\"1\">\n        <div class=\"module-buttons-item tf_in_flx\">\n                        <a href=\"https:\/\/enghaussgroup.com\/en\/portfolio\/\" class=\"ui builder_button tf_in_flx tb_default_color\" >\n                                                Get to know our work                                        <em><svg  class=\"tf_fa tf-ti-arrow-right\" aria-hidden=\"true\"><use href=\"#tf-ti-arrow-right\"><\/use><\/svg><\/em>                            <\/a>\n                <\/div>\n            <\/div>\n<!-- \/module buttons -->\n        <\/div>\n                    <div  data-lazy=\"1\" class=\"module_column tb-column col3-1 tb_dw7g941 last\">\n                            <\/div>\n                        <\/div>\n        <\/div>\n                        <div  data-css_id=\"kdd068\" data-lazy=\"1\" class=\"module_row themify_builder_row fullwidth tb_kdd068 tf_w\">\n                        <div class=\"row_inner col_align_top tb_col_count_2 tf_box tf_rel\">\n                        <div  data-lazy=\"1\" class=\"module_column tb-column col4-1 tb_8hk269 first\">\n                            <\/div>\n                    <div  data-lazy=\"1\" class=\"module_column tb-column col4-3 tb_yx9m943 last\">\n                            <div  data-lazy=\"1\" class=\"module_subrow themify_builder_sub_row tf_w col_align_middle gutter-none tb_col_count_2 tb_3mut511\">\n                <div  data-lazy=\"1\" class=\"module_column sub_column tb_qosw513 first\">\n                    <!-- module image -->\n<div  class=\"module module-image tb_fchj422 image-top   auto_fullwidth tf_mw\" data-lazy=\"1\" data-lax-translate-y=\"(vh*1) 0,(vh*0) -70\" data-lax=\"true\">\n        <div class=\"image-wrap tf_rel tf_mw\">\n            <img loading=\"lazy\" decoding=\"async\" src=\"https:\/\/enghaussgroup.com\/wp-content\/uploads\/2024\/11\/Projeto-1400-x-600-px-1-629x367.jpg\" width=\"629\" height=\"367\" class=\"wp-post-image wp-image-696\" title=\"Project (1400 x 600 px) (1)\" alt=\"Projeto (1400 x 600 px) (1)\" srcset=\"https:\/\/enghaussgroup.com\/wp-content\/uploads\/2024\/11\/Projeto-1400-x-600-px-1.jpg 629w, https:\/\/enghaussgroup.com\/wp-content\/uploads\/2024\/11\/Projeto-1400-x-600-px-1-300x175.jpg 300w, https:\/\/enghaussgroup.com\/wp-content\/uploads\/2024\/11\/Projeto-1400-x-600-px-1-18x12.jpg 18w\" sizes=\"auto, (max-width: 629px) 100vw, 629px\" \/>    \n        <\/div>\n    <!-- \/image-wrap -->\n    \n        <\/div>\n<!-- \/module image -->        <\/div>\n                    <div  data-lazy=\"1\" class=\"module_column sub_column tb_pcwb514 last\">\n                    <!-- module text -->\n<div  class=\"module module-text tb_85vp255\" data-lazy=\"1\">\n        <div  class=\"tb_text_wrap\">\n        <h2>We turn ideas into projects<\/h2>\n<p>We take care of every detail so that you have the security of a ready and functional project. Our work goes beyond construction - we offer complete solutions that include planning, execution and final delivery.<\/p>    <\/div>\n<\/div>\n<!-- \/module text --><!-- module buttons -->\n<div  class=\"module module-buttons tb_isgt944 buttons-horizontal solid\" data-lazy=\"1\">\n        <div class=\"module-buttons-item tf_in_flx\">\n                        <a href=\"https:\/\/enghaussgroup.com\/en\/portfolio\/\" class=\"ui builder_button tf_in_flx black\" >\n                                                Read more                                        <em><svg  class=\"tf_fa tf-ti-arrow-right\" aria-hidden=\"true\"><use href=\"#tf-ti-arrow-right\"><\/use><\/svg><\/em>                            <\/a>\n                <\/div>\n            <\/div>\n<!-- \/module buttons -->\n        <\/div>\n                    <\/div>\n                <\/div>\n                        <\/div>\n        <\/div>\n                        <div  data-lazy=\"1\" class=\"module_row themify_builder_row tb_g830119 tf_w\">\n                        <div class=\"row_inner col_align_top tb_col_count_1 tf_box tf_rel\">\n                        <div  data-lazy=\"1\" class=\"module_column tb-column col-full tb_x3o8120 first\">\n                    <!-- module text -->\n<div  class=\"module module-text tb_gjpj576\" data-lazy=\"1\">\n        <div  class=\"tb_text_wrap\">\n        <h2>Services<\/h2>    <\/div>\n<\/div>\n<!-- \/module text -->        <div  data-lazy=\"1\" class=\"module_subrow themify_builder_sub_row tf_w col_align_top tb_col_count_3 tb_fu2r183\">\n                <div  data-lazy=\"1\" class=\"module_column sub_column col3-1 tb_eh5m184 first\">\n                    <!-- module image -->\n<div  class=\"module module-image tb_nhu7359 image-center   tf_mw\" data-lazy=\"1\">\n        <div class=\"image-wrap tf_rel tf_mw\">\n            <img loading=\"lazy\" decoding=\"async\" src=\"https:\/\/enghaussgroup.com\/wp-content\/uploads\/2024\/11\/Projeto-12-1024x768-360x230.png\" width=\"360\" height=\"230\" class=\"wp-post-image wp-image-333\" title=\"Projects\" alt=\"Desde a log\u00edstica at\u00e9 a execu\u00e7\u00e3o, coordenamos tudo para que voc\u00ea n\u00e3o precise se preocupar.\">    \n        <\/div>\n    <!-- \/image-wrap -->\n    \n        <div class=\"image-content\">\n                    <h3 class=\"image-title\">\n                                    Projects                            <\/h3>\n                        <div class=\"image-caption tb_text_wrap\">\n            From logistics to execution, we coordinate everything so you don't have to worry.        <\/div>\n        <!-- \/image-caption -->\n            <\/div>\n    <!-- \/image-content -->\n        <\/div>\n<!-- \/module image -->        <\/div>\n                    <div  data-lazy=\"1\" class=\"module_column sub_column col3-1 tb_6f11524\">\n                    <!-- module image -->\n<div  class=\"module module-image tb_g60h526 image-center   tf_mw\" data-lazy=\"1\">\n        <div class=\"image-wrap tf_rel tf_mw\">\n            <img loading=\"lazy\" decoding=\"async\" src=\"https:\/\/enghaussgroup.com\/wp-content\/uploads\/2024\/11\/Projeto-14-1024x768-360x230.png\" width=\"360\" height=\"230\" class=\"wp-post-image wp-image-344\" title=\"Execution\" alt=\"Nossa equipe t\u00e9cnica e especializada transforma o papel em realidade com precis\u00e3o e qualidade.\">    \n        <\/div>\n    <!-- \/image-wrap -->\n    \n        <div class=\"image-content\">\n                    <h3 class=\"image-title\">\n                                    Execution                            <\/h3>\n                        <div class=\"image-caption tb_text_wrap\">\n            Our specialized technical team turns paper into reality with precision and quality.        <\/div>\n        <!-- \/image-caption -->\n            <\/div>\n    <!-- \/image-content -->\n        <\/div>\n<!-- \/module image -->        <\/div>\n                    <div  data-lazy=\"1\" class=\"module_column sub_column col3-1 tb_pohc217 last\">\n                    <!-- module image -->\n<div  class=\"module module-image tb_3a88217 image-center   tf_mw\" data-lazy=\"1\">\n        <div class=\"image-wrap tf_rel tf_mw\">\n            <img loading=\"lazy\" decoding=\"async\" src=\"https:\/\/enghaussgroup.com\/wp-content\/uploads\/2024\/11\/Projeto-15-1024x768-360x230.png\" width=\"360\" height=\"230\" class=\"wp-post-image wp-image-346\" title=\"Delivery\" alt=\"Ap\u00f3s finalizado, o projeto \u00e9 revisado e entregue pronto para seu uso imediato.\">    \n        <\/div>\n    <!-- \/image-wrap -->\n    \n        <div class=\"image-content\">\n                    <h3 class=\"image-title\">\n                                    Delivery                            <\/h3>\n                        <div class=\"image-caption tb_text_wrap\">\n            Once completed, the project is revised and delivered ready for immediate use.        <\/div>\n        <!-- \/image-caption -->\n            <\/div>\n    <!-- \/image-content -->\n        <\/div>\n<!-- \/module image -->        <\/div>\n                    <\/div>\n                <\/div>\n                        <\/div>\n        <\/div>\n                        <div  data-lazy=\"1\" class=\"module_row themify_builder_row tb_lzn8546 tf_w\">\n                        <div class=\"row_inner col_align_top tb_col_count_1 tf_box tf_rel\">\n                        <div  data-lazy=\"1\" class=\"module_column tb-column col-full tb_wfbv548 first\">\n                            <\/div>\n                        <\/div>\n        <\/div>\n                        <div  data-lazy=\"1\" class=\"module_row themify_builder_row tb_zqr7313 tf_w\">\n                        <div class=\"row_inner col_align_top tb_col_count_1 tf_box tf_rel\">\n                        <div  data-lazy=\"1\" class=\"module_column tb-column col-full tb_977m315 first\">\n                    <!-- module text -->\n<div  class=\"module module-text tb_v0dh442\" data-lazy=\"1\">\n        <div  class=\"tb_text_wrap\">\n        <h2>Our History<\/h2>\n<p>EngHauss Group was founded with the aim of transforming the execution of projects into a practical and reliable process. Our team takes care of every stage, from conception to final delivery, so that our clients have peace of mind and receive a result that lives up to their expectations.<\/p>    <\/div>\n<\/div>\n<!-- \/module text --><!-- module buttons -->\n<div  class=\"module module-buttons tb_l95y100 buttons-horizontal solid\" data-lazy=\"1\">\n        <div class=\"module-buttons-item tf_in_flx\">\n                        <a href=\"https:\/\/enghaussgroup.com\/en\/about\/\" class=\"ui builder_button tf_in_flx black\" >\n                                                Read more                                        <em><svg  class=\"tf_fa tf-ti-arrow-right\" aria-hidden=\"true\"><use href=\"#tf-ti-arrow-right\"><\/use><\/svg><\/em>                            <\/a>\n                <\/div>\n            <\/div>\n<!-- \/module buttons -->\n        <\/div>\n                        <\/div>\n        <\/div>\n                        <div  data-lazy=\"1\" class=\"module_row themify_builder_row tb_erl6747 tf_w\">\n                        <div class=\"row_inner col_align_middle tb_col_count_2 tf_box tf_rel\">\n                        <div  data-lazy=\"1\" class=\"module_column tb-column col4-2 tb_929s749 first\">\n                    <!-- module image -->\n<div  class=\"module module-image tb_3kp2597 image-center   tf_mw\" data-lazy=\"1\" data-lax-translate-y=\"(vh*1) 0,(vh*0) -70\" data-lax=\"true\">\n        <div class=\"image-wrap tf_rel tf_mw\">\n            <img loading=\"lazy\" decoding=\"async\" src=\"https:\/\/enghaussgroup.com\/wp-content\/uploads\/2024\/11\/Projeto-20-1024x1024-571x593.png\" width=\"571\" height=\"593\" class=\"wp-post-image wp-image-508\" title=\"Project (20)\" alt=\"Projeto (20)\">    \n        <\/div>\n    <!-- \/image-wrap -->\n    \n        <\/div>\n<!-- \/module image -->        <\/div>\n                    <div  data-lazy=\"1\" class=\"module_column tb-column col4-2 tb_jtp4247 last\">\n                    <!-- module text -->\n<div  class=\"module module-text tb_3kuy928\" data-lazy=\"1\">\n        <div  class=\"tb_text_wrap\">\n        <h2>Attention to detail<\/h2>\n<p>At the EngHauss Group, we believe that a well-executed project is not just delivered, but experienced. Every detail we deliver is a step towards the comfort and safety our clients deserve.<\/p>    <\/div>\n<\/div>\n<!-- \/module text --><!-- module buttons -->\n<div  class=\"module module-buttons tb_kslk941 buttons-horizontal solid\" data-lazy=\"1\">\n        <div class=\"module-buttons-item tf_in_flx\">\n                        <a href=\"https:\/\/enghaussgroup.com\/en\/about\/\" class=\"ui builder_button tf_in_flx black\" >\n                                                Read more                                        <em><svg  class=\"tf_fa tf-ti-arrow-right\" aria-hidden=\"true\"><use href=\"#tf-ti-arrow-right\"><\/use><\/svg><\/em>                            <\/a>\n                <\/div>\n            <\/div>\n<!-- \/module buttons -->\n        <\/div>\n                        <\/div>\n        <\/div>\n                        <div  data-lazy=\"1\" class=\"module_row themify_builder_row tb_uivo681 tf_w\">\n                        <div class=\"row_inner col_align_top tb_col_count_3 tf_box tf_rel\">\n                        <div  data-lazy=\"1\" class=\"module_column tb-column col3-1 tb_gqfa683 first\">\n        <span class=\"builder_row_cover tf_abs\"><\/span>            <!-- module image -->\n<div  class=\"module module-image tb_kazg257 image-center   tf_mw\" data-lazy=\"1\">\n        <div class=\"image-wrap tf_rel tf_mw\">\n            <img loading=\"lazy\" decoding=\"async\" src=\"https:\/\/enghaussgroup.com\/wp-content\/uploads\/2024\/11\/Copia-de-Projeto-2-1024x977-200x102.png\" width=\"200\" height=\"102\" class=\"wp-post-image wp-image-278\" title=\"Project Copy (2)\" alt=\"C\u00f3pia de Projeto (2)\">    \n        <\/div>\n    <!-- \/image-wrap -->\n    \n        <\/div>\n<!-- \/module image --><!-- module text -->\n<div  class=\"module module-text tb_rehf61\" data-lazy=\"1\">\n        <div  class=\"tb_text_wrap\">\n        <h3>Mission<\/h3>\n<p>Our commitment is to offer complete, high-quality projects, ensuring that every detail is taken care of with solutions for prompt and guaranteed delivery.<\/p>    <\/div>\n<\/div>\n<!-- \/module text -->        <\/div>\n                    <div  data-lazy=\"1\" class=\"module_column tb-column col3-1 tb_xyff221\">\n        <span class=\"builder_row_cover tf_abs\"><\/span>            <!-- module image -->\n<div  class=\"module module-image tb_bpg8222 image-center   tf_mw\" data-lazy=\"1\">\n        <div class=\"image-wrap tf_rel tf_mw\">\n            <img loading=\"lazy\" decoding=\"async\" src=\"https:\/\/enghaussgroup.com\/wp-content\/uploads\/2024\/11\/Copia-de-Projeto-1-1024x977-200x102.png\" width=\"200\" height=\"102\" class=\"wp-post-image wp-image-282\" title=\"Vision\" alt=\"Visao\">    \n        <\/div>\n    <!-- \/image-wrap -->\n    \n        <\/div>\n<!-- \/module image --><!-- module text -->\n<div  class=\"module module-text tb_a4u2725\" data-lazy=\"1\">\n        <div  class=\"tb_text_wrap\">\n        <h3>Vision<\/h3>\n<p>To be a benchmark in TurnKey projects, with a sustainable and innovative approach.<\/p>    <\/div>\n<\/div>\n<!-- \/module text -->        <\/div>\n                    <div  data-lazy=\"1\" class=\"module_column tb-column col3-1 tb_6p36917 last\">\n        <span class=\"builder_row_cover tf_abs\"><\/span>            <!-- module image -->\n<div  class=\"module module-image tb_9lm9917 image-center   tf_mw\" data-lazy=\"1\">\n        <div class=\"image-wrap tf_rel tf_mw\">\n            <img loading=\"lazy\" decoding=\"async\" src=\"https:\/\/enghaussgroup.com\/wp-content\/uploads\/2024\/11\/Copia-de-Projeto-11-1024x977-200x102.png\" width=\"200\" height=\"102\" class=\"wp-post-image wp-image-287\" title=\"Values\" alt=\"Valores\">    \n        <\/div>\n    <!-- \/image-wrap -->\n    \n        <\/div>\n<!-- \/module image --><!-- module text -->\n<div  class=\"module module-text tb_fd6k404\" data-lazy=\"1\">\n        <div  class=\"tb_text_wrap\">\n        <h3>Values<\/h3>\n<p>Professionalism, Sustainability, Efficiency, Transparency.<\/p>    <\/div>\n<\/div>\n<!-- \/module text -->        <\/div>\n                        <\/div>\n        <\/div>\n        <\/div>\n<!--\/themify_builder_content-->","protected":false},"excerpt":{"rendered":"<p>Comprehensive Projects, Perfect Deliveries. At EngHauss Group, we turn ideas into reality. From concept to delivery, we offer complete and integrated solutions so that you receive your project immediately for use, without complications.<\/p>","protected":false},"author":1,"featured_media":0,"parent":0,"menu_order":0,"comment_status":"closed","ping_status":"closed","template":"","meta":{"iawp_total_views":272,"footnotes":""},"class_list":["post-222","page","type-page","status-publish","hentry","has-post-title","has-post-date","has-post-category","has-post-tag","has-post-comment","has-post-author",""],"builder_content":"<h1>Projetos Integrais, Entregas Perfeitas.<\/h1> <p>Na EngHauss Group, transformamos ideias em realidade. Do conceito \u00e0 entrega, oferecemos solu\u00e7\u00f5es completas e integradas para que voc\u00ea receba seu projeto imediatamente para uso, sem complica\u00e7\u00f5es.<\/p>\n<a href=\"https:\/\/enghaussgroup.com\/portfolio\/\" > Conhe\u00e7a nosso trabalho <em><svg aria-hidden=\"true\"><use href=\"#tf-ti-arrow-right\"><\/use><\/svg><\/em> <\/a>\n<img src=\"https:\/\/enghaussgroup.com\/wp-content\/uploads\/2024\/11\/Projeto-1400-x-600-px-1-629x367.jpg\" width=\"629\" height=\"367\" title=\"Projeto (1400 x 600 px) (1)\" alt=\"Projeto (1400 x 600 px) (1)\" srcset=\"https:\/\/enghaussgroup.com\/wp-content\/uploads\/2024\/11\/Projeto-1400-x-600-px-1.jpg 629w, https:\/\/enghaussgroup.com\/wp-content\/uploads\/2024\/11\/Projeto-1400-x-600-px-1-300x175.jpg 300w, https:\/\/enghaussgroup.com\/wp-content\/uploads\/2024\/11\/Projeto-1400-x-600-px-1-18x12.jpg 18w\" sizes=\"(max-width: 629px) 100vw, 629px\" \/>\n<h2>Transformamos ideias em projetos<\/h2> <p>Cuidamos de cada detalhe para que voc\u00ea tenha a seguran\u00e7a de um projeto pronto e funcional. Nosso trabalho vai al\u00e9m da constru\u00e7\u00e3o \u2013 oferecemos solu\u00e7\u00f5es completas que incluem planejamento, execu\u00e7\u00e3o e entrega final.<\/p>\n<a href=\"https:\/\/enghaussgroup.com\/portfolio\/\" > Saiba mais <em><svg aria-hidden=\"true\"><use href=\"#tf-ti-arrow-right\"><\/use><\/svg><\/em> <\/a>\n<h2>Servi\u00e7os<\/h2>\n<img src=\"https:\/\/enghaussgroup.com\/wp-content\/uploads\/2024\/11\/Projeto-12-1024x768-360x230.png\" width=\"360\" height=\"230\" title=\"Projetos\" alt=\"Desde a log\u00edstica at\u00e9 a execu\u00e7\u00e3o, coordenamos tudo para que voc\u00ea n\u00e3o precise se preocupar.\"> <h3> Projetos <\/h3> Desde a log\u00edstica at\u00e9 a execu\u00e7\u00e3o, coordenamos tudo para que voc\u00ea n\u00e3o precise se preocupar.\n<img src=\"https:\/\/enghaussgroup.com\/wp-content\/uploads\/2024\/11\/Projeto-14-1024x768-360x230.png\" width=\"360\" height=\"230\" title=\"Execu\u00e7\u00e3o\" alt=\"Nossa equipe t\u00e9cnica e especializada transforma o papel em realidade com precis\u00e3o e qualidade.\"> <h3> Execu\u00e7\u00e3o <\/h3> Nossa equipe t\u00e9cnica e especializada transforma o papel em realidade com precis\u00e3o e qualidade.\n<img src=\"https:\/\/enghaussgroup.com\/wp-content\/uploads\/2024\/11\/Projeto-15-1024x768-360x230.png\" width=\"360\" height=\"230\" title=\"Entrega\" alt=\"Ap\u00f3s finalizado, o projeto \u00e9 revisado e entregue pronto para seu uso imediato.\"> <h3> Entrega <\/h3> Ap\u00f3s finalizado, o projeto \u00e9 revisado e entregue pronto para seu uso imediato.\n<h2>Nossa Hist\u00f3ria<\/h2> <p>O EngHauss Group nasceu com o prop\u00f3sito de transformar a execu\u00e7\u00e3o de projetos em um processo pr\u00e1tico e confi\u00e1vel. Nossa equipe cuida de cada etapa, desde a concep\u00e7\u00e3o at\u00e9 a entrega final, para que nossos clientes tenham tranquilidade e recebam um resultado \u00e0 altura de suas expectativas.<\/p>\n<a href=\"https:\/\/enghaussgroup.com\/about\/\" > Saiba mais <em><svg aria-hidden=\"true\"><use href=\"#tf-ti-arrow-right\"><\/use><\/svg><\/em> <\/a>\n<img src=\"https:\/\/enghaussgroup.com\/wp-content\/uploads\/2024\/11\/Projeto-20-1024x1024-571x593.png\" width=\"571\" height=\"593\" title=\"Projeto (20)\" alt=\"Projeto (20)\">\n<h2>Aten\u00e7\u00e3o aos detalhes<\/h2> <p>No Grupo EngHauss, acreditamos que um projeto bem executado n\u00e3o \u00e9 apenas entregue, mas vivido. Cada detalhe que entregamos \u00e9 um passo rumo ao conforto e \u00e0 seguran\u00e7a que nossos clientes merecem.<\/p>\n<a href=\"https:\/\/enghaussgroup.com\/about\/\" > Saiba mais <em><svg aria-hidden=\"true\"><use href=\"#tf-ti-arrow-right\"><\/use><\/svg><\/em> <\/a>\n<img src=\"https:\/\/enghaussgroup.com\/wp-content\/uploads\/2024\/11\/Copia-de-Projeto-2-1024x977-200x102.png\" width=\"200\" height=\"102\" title=\"C\u00f3pia de Projeto (2)\" alt=\"C\u00f3pia de Projeto (2)\">\n<h3>Miss\u00e3o<\/h3> <p>Nosso compromisso \u00e9 oferecer projetos completos e de alta qualidade, garantindo que cada detalhe seja tratado com solu\u00e7\u00f5es para uma entrega pronta e garantida.<\/p>\n<img src=\"https:\/\/enghaussgroup.com\/wp-content\/uploads\/2024\/11\/Copia-de-Projeto-1-1024x977-200x102.png\" width=\"200\" height=\"102\" title=\"Visao\" alt=\"Visao\">\n<h3>Vis\u00e3o<\/h3> <p>Ser refer\u00eancia em projetos TurnKey, com uma abordagem sustent\u00e1vel e inovadora.<\/p>\n<img src=\"https:\/\/enghaussgroup.com\/wp-content\/uploads\/2024\/11\/Copia-de-Projeto-11-1024x977-200x102.png\" width=\"200\" height=\"102\" title=\"Valores\" alt=\"Valores\">\n<h3>Valores<\/h3> <p>Profissionalismo, Sustentabilidade, Efici\u00eancia, Transpar\u00eancia.<\/p>","_links":{"self":[{"href":"https:\/\/enghaussgroup.com\/en\/wp-json\/wp\/v2\/pages\/222","targetHints":{"allow":["GET"]}}],"collection":[{"href":"https:\/\/enghaussgroup.com\/en\/wp-json\/wp\/v2\/pages"}],"about":[{"href":"https:\/\/enghaussgroup.com\/en\/wp-json\/wp\/v2\/types\/page"}],"author":[{"embeddable":true,"href":"https:\/\/enghaussgroup.com\/en\/wp-json\/wp\/v2\/users\/1"}],"replies":[{"embeddable":true,"href":"https:\/\/enghaussgroup.com\/en\/wp-json\/wp\/v2\/comments?post=222"}],"version-history":[{"count":100,"href":"https:\/\/enghaussgroup.com\/en\/wp-json\/wp\/v2\/pages\/222\/revisions"}],"predecessor-version":[{"id":698,"href":"https:\/\/enghaussgroup.com\/en\/wp-json\/wp\/v2\/pages\/222\/revisions\/698"}],"wp:attachment":[{"href":"https:\/\/enghaussgroup.com\/en\/wp-json\/wp\/v2\/media?parent=222"}],"curies":[{"name":"wp","href":"https:\/\/api.w.org\/{rel}","templated":true}]}}